{"id":2261,"date":"2021-10-28T08:33:52","date_gmt":"2021-10-28T11:33:52","guid":{"rendered":"https:\/\/tecplan.com.sv\/?post_type=product&#038;p=2261"},"modified":"2023-06-25T10:43:45","modified_gmt":"2023-06-25T14:43:45","slug":"radio-motorola-dgp8550ex-digital-intrinsecamente-seguro-lah56jcn9pa3an-vhf-136-174-mhz","status":"publish","type":"product","link":"https:\/\/tecplan.com.sv\/en\/product\/radio-motorola-dgp8550ex-digital-intrinsecamente-seguro-lah56jcn9pa3an-vhf-136-174-mhz\/","title":{"rendered":"Motorola DGP8550EX Digital Intrinsically Safe Radio LAH56JCN9PA3AN VHF 136-174 MHz"},"content":{"rendered":"","protected":false},"excerpt":{"rendered":"<div class=\"short-description-product\">\n<p>Radio Motorola\u00a0<strong>DGP8550EX<\/strong>\u00a0Digital Intrinsically Safe LAH56JCN9PA3AN VHF 136-174 MHz with good range, with its accessories, programming software, instructions, technical sheet in PDF and manual, find it at a good price in our market.<\/p>\n<ul>\n<li>Complies with ATEX\/INMETRO standards.<\/li>\n<li>Complies with Digital Mobile Radio (DMR) standards<\/li>\n<li>1000 channels.<\/li>\n<li>Average UHF range in urban environment up to 1km depending on the urban structure (number and height of buildings).<\/li>\n<li>Average VHF range in rural environment more than 1km depending on vegetation and topography.<\/li>\n<li>Systems: Dual Capacity Direct Mode, Conventional, IP Site Connect, Capacity Plus Single Site, Capacity Plus Multi-Site, Capacity Max, Connect Plus.<\/li>\n<\/ul>\n<p>Optimal performance in the following areas: construction, security, shopping centers, hotels, farms, transportation companies, vehicle assembly plants, medium-sized industries, stadiums, among others.<\/p>\n<\/div>\n<div class=\"caracte-techn\">\n<h5 class=\"title-secundary\">Technical characteristics<\/h5>\n<ul class=\"list-group list-caracteriscas\">\n<li class=\"list-group-item item-caract\" data-sort=\"1\"><strong>Band:<\/strong>\u00a0<span class=\"text-blue-caract\">VHF<\/span><\/li>\n<li class=\"list-group-item item-caract\" data-sort=\"2\"><strong>Frequency:<\/strong>\u00a0<span class=\"text-blue-caract\">136-174 MHz<\/span><\/li>\n<li class=\"list-group-item item-caract\" data-sort=\"4\"><strong>Operation Channels:<\/strong>\u00a0<span class=\"text-blue-caract\"> 1000<\/span><\/li>\n<li class=\"list-group-item item-caract\" data-sort=\"58\"><strong>IP Rating:<\/strong>\u00a0<span class=\"text-blue-caract\">IP67 (Total protection against penetration by any solid body and against temporary immersion in water)<\/span><\/li>\n<li class=\"list-group-item item-caract\" data-sort=\"8\"><strong>Screen:<\/strong>\u00a0<span class=\"text-blue-caract\">Yes<\/span><\/li>\n<li class=\"list-group-item item-caract\" data-sort=\"11\"><strong>Temperature Range:<\/strong>\u00a0<span class=\"text-blue-caract\">De -20 C a 55  C<\/span><\/li>\n<li class=\"list-group-item item-caract\" data-sort=\"3\"><strong>Power:<\/strong>\u00a0<span class=\"text-blue-caract\">1W<\/span><\/li>\n<li class=\"list-group-item item-caract\" data-sort=\"9\"><strong>Screen Type:<\/strong>\u00a0<span class=\"text-blue-caract\">Color screen<\/span><\/li>\n<li class=\"list-group-item item-caract\" data-sort=\"43\"><strong>Dimensions (H x W x D):<\/strong>\u00a0<span class=\"text-blue-caract\">13.85 x 5.67 x 3.98 cm<\/span><\/li>\n<li class=\"list-group-item item-caract\" data-sort=\"44\"><strong>Weight:<\/strong>\u00a0<span class=\"text-blue-caract\">482.5 g<\/span><\/li>\n<li class=\"list-group-item item-caract\" data-sort=\"46\"><strong>GPS:<\/strong>\u00a0<span class=\"text-blue-caract\">Yes<\/span><\/li>\n<li class=\"list-group-item item-caract\" data-sort=\"47\"><strong>Bluetooth Accessory:<\/strong>\u00a0<span class=\"text-blue-caract\">\u00a0No<\/span><\/li>\n<li class=\"list-group-item item-caract\" data-sort=\"54\"><strong>Programmable buttons:<\/strong>\u00a0<span class=\"text-blue-caract\">Yes<\/span><\/li>\n<li class=\"list-group-item item-caract\" data-sort=\"48\"><strong>Bluetooth data:<\/strong>\u00a0<span class=\"text-blue-caract\">\u00a0No<\/span><\/li>\n<li class=\"list-group-item item-caract\" data-sort=\"57\"><strong>For explosive environments:<\/strong>\u00a0<span class=\"text-blue-caract\">\u00a0ATEX INMETRO<\/span><\/li>\n<li class=\"list-group-item item-caract\" data-sort=\"11\"><strong>Keyboard Type:<\/strong>\u00a0<span class=\"text-blue-caract\">Full DTMF keypad<\/span><\/li>\n<li class=\"list-group-item item-caract\" data-sort=\"10\"><strong>Keyboard:<\/strong>\u00a0<span class=\"text-blue-caract\">\u00a0Yes<\/span><\/li>\n<\/ul>\n<\/div>\n<div class=\"row\">\n<div class=\"col-md-12\">\n<div class=\"large-descrition-product\">\n<p>Compatible with the MOTOTRBO\u2122 family of radios, the DGP8550EX is ATEX\/INMETRO certified for use in locations where explosive or flammable gases, vapors, dust or particulate matter are present. They feature a truly comprehensive feature set, and are color-coded for easy identification. We offer a diverse portfolio of accessories for these radios. They feature superior audio quality, ease of use, long battery life, and operate on IP Site Connect systems.<\/p>\n<ul>\n<li>It can work in analog and\/or digital mode.<\/li>\n<li>Smart Audio.<\/li>\n<li>Audio Print.<\/li>\n<li>Microphone distortion control.<\/li>\n<li>User selectable audio profiles.<\/li>\n<li>5 programmable buttons.<\/li>\n<li>Emergency button.<\/li>\n<li>Basic privacy.<\/li>\n<li>Privacy optimized.<\/li>\n<li>Compatible with repeater<\/li>\n<li>IP site Connect.<\/li>\n<li>Duraci\u00f3n de la carga de la bater\u00eda (basada en un ciclo de trabajo de 5% transmisi\u00f3n, 5% recepci\u00f3n, 90% Stand By 5\/5\/90): 16 hrs (anal\u00f3gico)\/ 19 hrs (digital).<\/li>\n<li>Clasificaci\u00f3n IP67.<\/li>\n<li>Especificaciones militares 810 D, 810 E, 810F, 810G.<\/li>\n<\/ul>\n<\/div>\n<\/div>\n<\/div>","protected":false},"featured_media":2262,"comment_status":"open","ping_status":"closed","template":"","meta":{"site-sidebar-layout":"default","site-content-layout":"","ast-site-content-layout":"","site-content-style":"default","site-sidebar-style":"default","ast-global-header-display":"","ast-banner-title-visibility":"","ast-main-header-display":"","ast-hfb-above-header-display":"","ast-hfb-below-header-display":"","ast-hfb-mobile-header-display":"","site-post-title":"","ast-breadcrumbs-content":"","ast-featured-img":"","footer-sml-layout":"","theme-transparent-header-meta":"","adv-header-id-meta":"","stick-header-meta":"","header-above-stick-meta":"","header-main-stick-meta":"","header-below-stick-meta":"","astra-migrate-meta-layouts":"default","ast-page-background-enabled":"default","ast-page-background-meta":{"desktop":{"background-color":"var(--ast-global-color-4)","background-image":"","background-repeat":"repeat","background-position":"center center","background-size":"auto","background-attachment":"scroll","background-type":"","background-media":"","overlay-type":"","overlay-color":"","overlay-opacity":"","overlay-gradient":""},"tablet":{"background-color":"","background-image":"","background-repeat":"repeat","background-position":"center center","background-size":"auto","background-attachment":"scroll","background-type":"","background-media":"","overlay-type":"","overlay-color":"","overlay-opacity":"","overlay-gradient":""},"mobile":{"background-color":"","background-image":"","background-repeat":"repeat","background-position":"center center","background-size":"auto","background-attachment":"scroll","background-type":"","background-media":"","overlay-type":"","overlay-color":"","overlay-opacity":"","overlay-gradient":""}},"ast-content-background-meta":{"desktop":{"background-color":"var(--ast-global-color-5)","background-image":"","background-repeat":"repeat","background-position":"center center","background-size":"auto","background-attachment":"scroll","background-type":"","background-media":"","overlay-type":"","overlay-color":"","overlay-opacity":"","overlay-gradient":""},"tablet":{"background-color":"var(--ast-global-color-5)","background-image":"","background-repeat":"repeat","background-position":"center center","background-size":"auto","background-attachment":"scroll","background-type":"","background-media":"","overlay-type":"","overlay-color":"","overlay-opacity":"","overlay-gradient":""},"mobile":{"background-color":"var(--ast-global-color-5)","background-image":"","background-repeat":"repeat","background-position":"center center","background-size":"auto","background-attachment":"scroll","background-type":"","background-media":"","overlay-type":"","overlay-color":"","overlay-opacity":"","overlay-gradient":""}}},"product_brand":[],"product_cat":[32],"product_tag":[33],"class_list":{"0":"post-2261","1":"product","2":"type-product","3":"status-publish","4":"has-post-thumbnail","6":"product_cat-motorola","7":"product_tag-motorola","8":"desktop-align-left","9":"tablet-align-left","10":"mobile-align-left","12":"first","13":"instock","14":"shipping-taxable","15":"product-type-simple"},"yoast_head":"<!-- This site is optimized with the Yoast SEO plugin v25.6 - https:\/\/yoast.com\/wordpress\/plugins\/seo\/ -->\n<title>Radio Motorola DGP8550EX Digital Intr\u00ednsecamente Seguro LAH56JCN9PA3AN VHF 136-174 MHz -<\/title>\n<meta name=\"robots\" content=\"index, follow, max-snippet:-1, max-image-preview:large, max-video-preview:-1\" \/>\n<link rel=\"canonical\" href=\"https:\/\/tecplan.com.sv\/en\/product\/radio-motorola-dgp8550ex-digital-intrinsecamente-seguro-lah56jcn9pa3an-vhf-136-174-mhz\/\" \/>\n<meta property=\"og:locale\" content=\"en_US\" \/>\n<meta property=\"og:type\" content=\"article\" \/>\n<meta property=\"og:title\" content=\"Radio Motorola DGP8550EX Digital Intr\u00ednsecamente Seguro LAH56JCN9PA3AN VHF 136-174 MHz -\" \/>\n<meta property=\"og:description\" content=\"Radio Motorola\u00a0DGP8550EX\u00a0Digital Intr\u00ednsecamente Seguro LAH56JCN9PA3AN VHF 136-174 MHz con buen alcance, con sus accesorios, software de programaci\u00f3n, instrucciones, ficha t\u00e9cnica en PDF y manual, encu\u00e9ntralo a buen precio en nuestro mercado.   Cumple con los est\u00e1ndares ATEX\/INMETRO.  Cumple con los est\u00e1ndares de Radio M\u00f3vil Digital (DMR)  1000 canales.  Alcance promedio UHF en ambiente urbano hasta 1km dependiendo de la estructura urbana (cantidad y altura de las edificaciones).  Alcance promedio VHF en ambiente rural m\u00e1s de 1km dependiendo de la vegetaci\u00f3n y la topograf\u00eda.  Sistemas: Modo directo de capacidad dual, Convencional, IP Site Connect, Capacity Plus Single Site, Capacity Plus Multi-Site, Capacity Max, Connect Plus.  Desempe\u00f1o \u00f3ptimo en las siguientes \u00e1reas: construcciones, seguridad, centros comerciales, hoteles, fincas, empresas de transporte, ensambladoras de veh\u00edculos, industrias medias, estadios, entre otro.    Caracteristicas t\u00e9cnicas   Banda:\u00a0VHF  Frecuencia:\u00a0136-174 MHz  Canales de Operaci\u00f3n:\u00a0 1000  Clasificaci\u00f3n IP:\u00a0IP67 (Protecci\u00f3n total contra la penetraci\u00f3n de cualquier cuerpo s\u00f3lido y contra agua inmersi\u00f3n temporal)  Pantalla:\u00a0S\u00ed  Rango de Temperatura:\u00a0De -20 C a 55 C  Potencia:\u00a01W  Tipo de Pantalla:\u00a0Pantalla de color  Dimensiones (alto x ancho x profundidad):\u00a013.85 x 5.67 x 3.98 cm  Peso:\u00a0482.5 g  GPS:\u00a0Si  Accesorio Bluetooh:\u00a0\u00a0No  Botones programable:\u00a0Si  Datos Bluetooh:\u00a0\u00a0No  Para ambientes explosivos:\u00a0\u00a0ATEX INMETRO  Tipo de Teclado:\u00a0Teclado DTMF completo  Teclado:\u00a0\u00a0S\u00ed       Compatible con la familia de radios MOTOTRBO&#x2122;, el DGP8550EX cuentan con certificaci\u00f3n ATEX\/INMETRO para ser utilizados en ubicaciones con presencia de gases, vapores, polvo o part\u00edculas en suspensi\u00f3n explosivos o inflamables. Cuentan con un conjunto de caracter\u00edsticas verdaderamente integral, y est\u00e1n codificados con colores para facilitar su identificaci\u00f3n. Ofrecemos un variado portafolio de accesorios para estos radios. Tiene calidad de audio superior, f\u00e1cil de usar, bater\u00eda de larga duraci\u00f3n, operan en sistemas IP Site Connect.   Se puede trabajar en modo an\u00e1logo y\/o digital.  Audio Inteligente.  Audio Impres.  Control de distorsi\u00f3n de micr\u00f3fono.  Perfiles de audio seleccionables por usuario.  5 botones programables.  Bot\u00f3n de emergencia.  Privacidad b\u00e1sica.  Privacidad optimizada.  Compatible con repetidor  IP site Connect.  Duraci\u00f3n de la carga de la bater\u00eda (basada en un ciclo de trabajo de 5% transmisi\u00f3n, 5% recepci\u00f3n, 90% Stand By 5\/5\/90): 16 hrs (anal\u00f3gico)\/ 19 hrs (digital).  Clasificaci\u00f3n IP67.  Especificaciones militares 810 D, 810 E, 810F, 810G.\" \/>\n<meta property=\"og:url\" content=\"https:\/\/tecplan.com.sv\/en\/product\/radio-motorola-dgp8550ex-digital-intrinsecamente-seguro-lah56jcn9pa3an-vhf-136-174-mhz\/\" \/>\n<meta property=\"article:modified_time\" content=\"2023-06-25T14:43:45+00:00\" \/>\n<meta property=\"og:image\" content=\"https:\/\/tecplan.com.sv\/wp-content\/uploads\/2023\/03\/Radio-Motorol-DGP8550EX-Digital-1.jpg\" \/>\n\t<meta property=\"og:image:width\" content=\"1200\" \/>\n\t<meta property=\"og:image:height\" content=\"1200\" \/>\n\t<meta property=\"og:image:type\" content=\"image\/jpeg\" \/>\n<meta name=\"twitter:card\" content=\"summary_large_image\" \/>\n<meta name=\"twitter:label1\" content=\"Est. reading time\" \/>\n\t<meta name=\"twitter:data1\" content=\"1 minute\" \/>\n<script type=\"application\/ld+json\" class=\"yoast-schema-graph\">{\"@context\":\"https:\/\/schema.org\",\"@graph\":[{\"@type\":\"WebPage\",\"@id\":\"https:\/\/tecplan.com.sv\/producto\/radio-motorola-dgp8550ex-digital-intrinsecamente-seguro-lah56jcn9pa3an-vhf-136-174-mhz\/\",\"url\":\"https:\/\/tecplan.com.sv\/producto\/radio-motorola-dgp8550ex-digital-intrinsecamente-seguro-lah56jcn9pa3an-vhf-136-174-mhz\/\",\"name\":\"Radio Motorola DGP8550EX Digital Intr\u00ednsecamente Seguro LAH56JCN9PA3AN VHF 136-174 MHz -\",\"isPartOf\":{\"@id\":\"https:\/\/tecplan.com.sv\/#website\"},\"primaryImageOfPage\":{\"@id\":\"https:\/\/tecplan.com.sv\/producto\/radio-motorola-dgp8550ex-digital-intrinsecamente-seguro-lah56jcn9pa3an-vhf-136-174-mhz\/#primaryimage\"},\"image\":{\"@id\":\"https:\/\/tecplan.com.sv\/producto\/radio-motorola-dgp8550ex-digital-intrinsecamente-seguro-lah56jcn9pa3an-vhf-136-174-mhz\/#primaryimage\"},\"thumbnailUrl\":\"\/wp-content\/uploads\/2023\/03\/Radio-Motorol-DGP8550EX-Digital-1.jpg\",\"datePublished\":\"2021-10-28T11:33:52+00:00\",\"dateModified\":\"2023-06-25T14:43:45+00:00\",\"breadcrumb\":{\"@id\":\"https:\/\/tecplan.com.sv\/producto\/radio-motorola-dgp8550ex-digital-intrinsecamente-seguro-lah56jcn9pa3an-vhf-136-174-mhz\/#breadcrumb\"},\"inLanguage\":\"en-US\",\"potentialAction\":[{\"@type\":\"ReadAction\",\"target\":[\"https:\/\/tecplan.com.sv\/producto\/radio-motorola-dgp8550ex-digital-intrinsecamente-seguro-lah56jcn9pa3an-vhf-136-174-mhz\/\"]}]},{\"@type\":\"ImageObject\",\"inLanguage\":\"en-US\",\"@id\":\"https:\/\/tecplan.com.sv\/producto\/radio-motorola-dgp8550ex-digital-intrinsecamente-seguro-lah56jcn9pa3an-vhf-136-174-mhz\/#primaryimage\",\"url\":\"\/wp-content\/uploads\/2023\/03\/Radio-Motorol-DGP8550EX-Digital-1.jpg\",\"contentUrl\":\"\/wp-content\/uploads\/2023\/03\/Radio-Motorol-DGP8550EX-Digital-1.jpg\",\"width\":1200,\"height\":1200},{\"@type\":\"BreadcrumbList\",\"@id\":\"https:\/\/tecplan.com.sv\/producto\/radio-motorola-dgp8550ex-digital-intrinsecamente-seguro-lah56jcn9pa3an-vhf-136-174-mhz\/#breadcrumb\",\"itemListElement\":[{\"@type\":\"ListItem\",\"position\":1,\"name\":\"Portada\",\"item\":\"https:\/\/tecplan.com.sv\/\"},{\"@type\":\"ListItem\",\"position\":2,\"name\":\"Productos\",\"item\":\"https:\/\/tecplan.com.sv\/shop\/\"},{\"@type\":\"ListItem\",\"position\":3,\"name\":\"Radio Motorola DGP8550EX Digital Intr\u00ednsecamente Seguro LAH56JCN9PA3AN VHF 136-174 MHz\"}]},{\"@type\":\"WebSite\",\"@id\":\"https:\/\/tecplan.com.sv\/#website\",\"url\":\"https:\/\/tecplan.com.sv\/\",\"name\":\"Tecplan Argentina\",\"description\":\"Tecnolog\u00edas y equipos de telecomunicaciones\",\"publisher\":{\"@id\":\"https:\/\/tecplan.com.sv\/#organization\"},\"potentialAction\":[{\"@type\":\"SearchAction\",\"target\":{\"@type\":\"EntryPoint\",\"urlTemplate\":\"https:\/\/tecplan.com.sv\/?s={search_term_string}\"},\"query-input\":{\"@type\":\"PropertyValueSpecification\",\"valueRequired\":true,\"valueName\":\"search_term_string\"}}],\"inLanguage\":\"en-US\"},{\"@type\":\"Organization\",\"@id\":\"https:\/\/tecplan.com.sv\/#organization\",\"name\":\"Tecplan Argentina\",\"url\":\"https:\/\/tecplan.com.sv\/\",\"logo\":{\"@type\":\"ImageObject\",\"inLanguage\":\"en-US\",\"@id\":\"https:\/\/tecplan.com.sv\/#\/schema\/logo\/image\/\",\"url\":\"\/wp-content\/uploads\/2023\/03\/logo-tecplan.gif\",\"contentUrl\":\"\/wp-content\/uploads\/2023\/03\/logo-tecplan.gif\",\"width\":1920,\"height\":486,\"caption\":\"Tecplan Argentina\"},\"image\":{\"@id\":\"https:\/\/tecplan.com.sv\/#\/schema\/logo\/image\/\"}}]}<\/script>\n<!-- \/ Yoast SEO plugin. -->","yoast_head_json":{"title":"Radio Motorola DGP8550EX Digital Intr\u00ednsecamente Seguro LAH56JCN9PA3AN VHF 136-174 MHz -","robots":{"index":"index","follow":"follow","max-snippet":"max-snippet:-1","max-image-preview":"max-image-preview:large","max-video-preview":"max-video-preview:-1"},"canonical":"https:\/\/tecplan.com.sv\/en\/product\/radio-motorola-dgp8550ex-digital-intrinsecamente-seguro-lah56jcn9pa3an-vhf-136-174-mhz\/","og_locale":"en_US","og_type":"article","og_title":"Radio Motorola DGP8550EX Digital Intr\u00ednsecamente Seguro LAH56JCN9PA3AN VHF 136-174 MHz -","og_description":"Radio Motorola\u00a0DGP8550EX\u00a0Digital Intr\u00ednsecamente Seguro LAH56JCN9PA3AN VHF 136-174 MHz con buen alcance, con sus accesorios, software de programaci\u00f3n, instrucciones, ficha t\u00e9cnica en PDF y manual, encu\u00e9ntralo a buen precio en nuestro mercado.   Cumple con los est\u00e1ndares ATEX\/INMETRO.  Cumple con los est\u00e1ndares de Radio M\u00f3vil Digital (DMR)  1000 canales.  Alcance promedio UHF en ambiente urbano hasta 1km dependiendo de la estructura urbana (cantidad y altura de las edificaciones).  Alcance promedio VHF en ambiente rural m\u00e1s de 1km dependiendo de la vegetaci\u00f3n y la topograf\u00eda.  Sistemas: Modo directo de capacidad dual, Convencional, IP Site Connect, Capacity Plus Single Site, Capacity Plus Multi-Site, Capacity Max, Connect Plus.  Desempe\u00f1o \u00f3ptimo en las siguientes \u00e1reas: construcciones, seguridad, centros comerciales, hoteles, fincas, empresas de transporte, ensambladoras de veh\u00edculos, industrias medias, estadios, entre otro.    Caracteristicas t\u00e9cnicas   Banda:\u00a0VHF  Frecuencia:\u00a0136-174 MHz  Canales de Operaci\u00f3n:\u00a0 1000  Clasificaci\u00f3n IP:\u00a0IP67 (Protecci\u00f3n total contra la penetraci\u00f3n de cualquier cuerpo s\u00f3lido y contra agua inmersi\u00f3n temporal)  Pantalla:\u00a0S\u00ed  Rango de Temperatura:\u00a0De -20 C a 55 C  Potencia:\u00a01W  Tipo de Pantalla:\u00a0Pantalla de color  Dimensiones (alto x ancho x profundidad):\u00a013.85 x 5.67 x 3.98 cm  Peso:\u00a0482.5 g  GPS:\u00a0Si  Accesorio Bluetooh:\u00a0\u00a0No  Botones programable:\u00a0Si  Datos Bluetooh:\u00a0\u00a0No  Para ambientes explosivos:\u00a0\u00a0ATEX INMETRO  Tipo de Teclado:\u00a0Teclado DTMF completo  Teclado:\u00a0\u00a0S\u00ed       Compatible con la familia de radios MOTOTRBO&#x2122;, el DGP8550EX cuentan con certificaci\u00f3n ATEX\/INMETRO para ser utilizados en ubicaciones con presencia de gases, vapores, polvo o part\u00edculas en suspensi\u00f3n explosivos o inflamables. Cuentan con un conjunto de caracter\u00edsticas verdaderamente integral, y est\u00e1n codificados con colores para facilitar su identificaci\u00f3n. Ofrecemos un variado portafolio de accesorios para estos radios. Tiene calidad de audio superior, f\u00e1cil de usar, bater\u00eda de larga duraci\u00f3n, operan en sistemas IP Site Connect.   Se puede trabajar en modo an\u00e1logo y\/o digital.  Audio Inteligente.  Audio Impres.  Control de distorsi\u00f3n de micr\u00f3fono.  Perfiles de audio seleccionables por usuario.  5 botones programables.  Bot\u00f3n de emergencia.  Privacidad b\u00e1sica.  Privacidad optimizada.  Compatible con repetidor  IP site Connect.  Duraci\u00f3n de la carga de la bater\u00eda (basada en un ciclo de trabajo de 5% transmisi\u00f3n, 5% recepci\u00f3n, 90% Stand By 5\/5\/90): 16 hrs (anal\u00f3gico)\/ 19 hrs (digital).  Clasificaci\u00f3n IP67.  Especificaciones militares 810 D, 810 E, 810F, 810G.","og_url":"https:\/\/tecplan.com.sv\/en\/product\/radio-motorola-dgp8550ex-digital-intrinsecamente-seguro-lah56jcn9pa3an-vhf-136-174-mhz\/","article_modified_time":"2023-06-25T14:43:45+00:00","og_image":[{"width":1200,"height":1200,"url":"https:\/\/tecplan.com.sv\/wp-content\/uploads\/2023\/03\/Radio-Motorol-DGP8550EX-Digital-1.jpg","type":"image\/jpeg"}],"twitter_card":"summary_large_image","twitter_misc":{"Est. reading time":"1 minute"},"schema":{"@context":"https:\/\/schema.org","@graph":[{"@type":"WebPage","@id":"https:\/\/tecplan.com.sv\/producto\/radio-motorola-dgp8550ex-digital-intrinsecamente-seguro-lah56jcn9pa3an-vhf-136-174-mhz\/","url":"https:\/\/tecplan.com.sv\/producto\/radio-motorola-dgp8550ex-digital-intrinsecamente-seguro-lah56jcn9pa3an-vhf-136-174-mhz\/","name":"Radio Motorola DGP8550EX Digital Intr\u00ednsecamente Seguro LAH56JCN9PA3AN VHF 136-174 MHz -","isPartOf":{"@id":"https:\/\/tecplan.com.sv\/#website"},"primaryImageOfPage":{"@id":"https:\/\/tecplan.com.sv\/producto\/radio-motorola-dgp8550ex-digital-intrinsecamente-seguro-lah56jcn9pa3an-vhf-136-174-mhz\/#primaryimage"},"image":{"@id":"https:\/\/tecplan.com.sv\/producto\/radio-motorola-dgp8550ex-digital-intrinsecamente-seguro-lah56jcn9pa3an-vhf-136-174-mhz\/#primaryimage"},"thumbnailUrl":"\/wp-content\/uploads\/2023\/03\/Radio-Motorol-DGP8550EX-Digital-1.jpg","datePublished":"2021-10-28T11:33:52+00:00","dateModified":"2023-06-25T14:43:45+00:00","breadcrumb":{"@id":"https:\/\/tecplan.com.sv\/producto\/radio-motorola-dgp8550ex-digital-intrinsecamente-seguro-lah56jcn9pa3an-vhf-136-174-mhz\/#breadcrumb"},"inLanguage":"en-US","potentialAction":[{"@type":"ReadAction","target":["https:\/\/tecplan.com.sv\/producto\/radio-motorola-dgp8550ex-digital-intrinsecamente-seguro-lah56jcn9pa3an-vhf-136-174-mhz\/"]}]},{"@type":"ImageObject","inLanguage":"en-US","@id":"https:\/\/tecplan.com.sv\/producto\/radio-motorola-dgp8550ex-digital-intrinsecamente-seguro-lah56jcn9pa3an-vhf-136-174-mhz\/#primaryimage","url":"\/wp-content\/uploads\/2023\/03\/Radio-Motorol-DGP8550EX-Digital-1.jpg","contentUrl":"\/wp-content\/uploads\/2023\/03\/Radio-Motorol-DGP8550EX-Digital-1.jpg","width":1200,"height":1200},{"@type":"BreadcrumbList","@id":"https:\/\/tecplan.com.sv\/producto\/radio-motorola-dgp8550ex-digital-intrinsecamente-seguro-lah56jcn9pa3an-vhf-136-174-mhz\/#breadcrumb","itemListElement":[{"@type":"ListItem","position":1,"name":"Portada","item":"https:\/\/tecplan.com.sv\/"},{"@type":"ListItem","position":2,"name":"Productos","item":"https:\/\/tecplan.com.sv\/shop\/"},{"@type":"ListItem","position":3,"name":"Radio Motorola DGP8550EX Digital Intr\u00ednsecamente Seguro LAH56JCN9PA3AN VHF 136-174 MHz"}]},{"@type":"WebSite","@id":"https:\/\/tecplan.com.sv\/#website","url":"https:\/\/tecplan.com.sv\/","name":"Tecplan Argentina","description":"Tecnolog\u00edas y equipos de telecomunicaciones","publisher":{"@id":"https:\/\/tecplan.com.sv\/#organization"},"potentialAction":[{"@type":"SearchAction","target":{"@type":"EntryPoint","urlTemplate":"https:\/\/tecplan.com.sv\/?s={search_term_string}"},"query-input":{"@type":"PropertyValueSpecification","valueRequired":true,"valueName":"search_term_string"}}],"inLanguage":"en-US"},{"@type":"Organization","@id":"https:\/\/tecplan.com.sv\/#organization","name":"Tecplan Argentina","url":"https:\/\/tecplan.com.sv\/","logo":{"@type":"ImageObject","inLanguage":"en-US","@id":"https:\/\/tecplan.com.sv\/#\/schema\/logo\/image\/","url":"\/wp-content\/uploads\/2023\/03\/logo-tecplan.gif","contentUrl":"\/wp-content\/uploads\/2023\/03\/logo-tecplan.gif","width":1920,"height":486,"caption":"Tecplan Argentina"},"image":{"@id":"https:\/\/tecplan.com.sv\/#\/schema\/logo\/image\/"}}]}},"_links":{"self":[{"href":"https:\/\/tecplan.com.sv\/en\/wp-json\/wp\/v2\/product\/2261"}],"collection":[{"href":"https:\/\/tecplan.com.sv\/en\/wp-json\/wp\/v2\/product"}],"about":[{"href":"https:\/\/tecplan.com.sv\/en\/wp-json\/wp\/v2\/types\/product"}],"replies":[{"embeddable":true,"href":"https:\/\/tecplan.com.sv\/en\/wp-json\/wp\/v2\/comments?post=2261"}],"version-history":[{"count":1,"href":"https:\/\/tecplan.com.sv\/en\/wp-json\/wp\/v2\/product\/2261\/revisions"}],"predecessor-version":[{"id":8945,"href":"https:\/\/tecplan.com.sv\/en\/wp-json\/wp\/v2\/product\/2261\/revisions\/8945"}],"wp:featuredmedia":[{"embeddable":true,"href":"https:\/\/tecplan.com.sv\/en\/wp-json\/wp\/v2\/media\/2262"}],"wp:attachment":[{"href":"https:\/\/tecplan.com.sv\/en\/wp-json\/wp\/v2\/media?parent=2261"}],"wp:term":[{"taxonomy":"product_brand","embeddable":true,"href":"https:\/\/tecplan.com.sv\/en\/wp-json\/wp\/v2\/product_brand?post=2261"},{"taxonomy":"product_cat","embeddable":true,"href":"https:\/\/tecplan.com.sv\/en\/wp-json\/wp\/v2\/product_cat?post=2261"},{"taxonomy":"product_tag","embeddable":true,"href":"https:\/\/tecplan.com.sv\/en\/wp-json\/wp\/v2\/product_tag?post=2261"}],"curies":[{"name":"wp","href":"https:\/\/api.w.org\/{rel}","templated":true}]}}