{"id":3574,"date":"2023-05-16T22:18:45","date_gmt":"2023-05-17T02:18:45","guid":{"rendered":"https:\/\/tecplan.com.sv\/?post_type=product&#038;p=3574"},"modified":"2024-01-25T16:29:31","modified_gmt":"2024-01-25T19:29:31","slug":"crs504-4xq-in","status":"publish","type":"product","link":"https:\/\/tecplan.com.sv\/en\/product\/crs504-4xq-in\/","title":{"rendered":"CRS504-4XQ-IN"},"content":{"rendered":"<div align=\"justify\">\n<p>Our 100 Gigabit family keeps expanding \u2013 you\u2019ve already seen the amazing CCR2216 100 Gigabit router. Now it\u2019s time for a switch to match \u2013 the\u00a0<b>CRS504-4XQ-IN<\/b>\u00a0. Small size combined with low power consumption\u00a0<b>(\u00a125 W sin accesorios!)<\/b>\u00a0is perfect for starting to expand your 100 Gigabit network in everyday setups. This speed is no longer limited to data centers, ISPs, and large offices. You too can upgrade your network to 10 or 25 Gigabits and join the 100 club!<\/p>\n<p><b>There are four 100 Gigabit QSFP28 ports.\u00a0<\/b>Use them to connect other 100 Gigabit devices, or grab a patch cable to connect multiple 25 Gigabit devices\u2014each port is connected to four 25 Gigabit lines, allowing you to connect 16 25 Gigabit devices. In fact, you can mix and match all kinds of connections this way: 100 Gigabits on one port, 40 Gigabits on the other, 4x25 Gigabits on the third, and maybe even some 10G or 1G cables on the fourth. The powerful\u00a0<b>Marvell DX4310 switch-chip<\/b>\u00a0will handle it all without breaking a sweat!<\/p>\n<p>Obviously, there is also an Ethernet port for management purposes. We have been using this switch for quite some time in the Genomics Data Network project. A high-capacity data network for our local scientists working on innovative cancer treatments. Genome data can take up a lot of space, so you need exceptionally fast connections there. Also, with these devices, Latvia became the first Baltic country to establish a 100 Gigabit connection to the pan-European research network.<\/p>\n<\/div>\n<p>With multiple power options and the ability to be wall mounted, this switch will make any system administrator happy.<\/p>\n<h2>Specs<\/h2>\n<table class=\"table product-table\">\n<thead>\n<tr>\n<th colspan=\"2\">Details<\/th>\n<\/tr>\n<\/thead>\n<tbody>\n<tr>\n<td>Product code<\/td>\n<td>CRS504-4XQ-EN<\/td>\n<\/tr>\n<tr>\n<td>Architecture<\/td>\n<td>MIPSBE<\/td>\n<\/tr>\n<tr>\n<td>UPC<\/td>\n<td>QCA9531<\/td>\n<\/tr>\n<tr>\n<td>CPU Core Count<\/td>\n<td>1<\/td>\n<\/tr>\n<tr>\n<td>Nominal CPU frequency<\/td>\n<td>650 MHz<\/td>\n<\/tr>\n<tr>\n<td>Change chip model<\/td>\n<td>98DX4310<\/td>\n<\/tr>\n<tr>\n<td>Dimensions<\/td>\n<td>320x185x44mm<\/td>\n<\/tr>\n<tr>\n<td>Router OS License<\/td>\n<td>5<\/td>\n<\/tr>\n<tr>\n<td>Operating system<\/td>\n<td>RouterOS (solo v7)<\/td>\n<\/tr>\n<tr>\n<td>RAM Size<\/td>\n<td>64 MB<\/td>\n<\/tr>\n<tr>\n<td>Storage size<\/td>\n<td>16 MB<\/td>\n<\/tr>\n<tr>\n<td>Storage type<\/td>\n<td>FLASH<\/td>\n<\/tr>\n<tr>\n<td>MTBF<\/td>\n<td>Approximately 200,000 hours at 25C<\/td>\n<\/tr>\n<tr>\n<td>Room temperature tested<\/td>\n<td>-40\u00b0C a 70\u00b0C<\/td>\n<\/tr>\n<\/tbody>\n<\/table>","protected":false},"excerpt":{"rendered":"<p>Your most affordable, compact, and power-efficient gateway to the world of 100 Gigabit networking. This switch is the next step in upgrading existing 10 or 25 Gigabit networks. Multiple power options, dual hot-swappable power supplies.<\/p>\n<p><a href=\"http:\/\/tecplan.com.sv\/wp-content\/uploads\/2023\/05\/CRS504_4XQ_IN.pdf\" target=\"_blank\" rel=\"noopener\">See technical sheet<\/a><\/p>\n<p>&nbsp;<\/p>\n<p>&nbsp;<\/p>","protected":false},"featured_media":6348,"comment_status":"open","ping_status":"closed","template":"","meta":{"site-sidebar-layout":"default","site-content-layout":"default","ast-site-content-layout":"default","site-content-style":"default","site-sidebar-style":"default","ast-global-header-display":"","ast-banner-title-visibility":"","ast-main-header-display":"","ast-hfb-above-header-display":"","ast-hfb-below-header-display":"","ast-hfb-mobile-header-display":"","site-post-title":"","ast-breadcrumbs-content":"","ast-featured-img":"","footer-sml-layout":"","theme-transparent-header-meta":"default","adv-header-id-meta":"","stick-header-meta":"","header-above-stick-meta":"","header-main-stick-meta":"","header-below-stick-meta":"","astra-migrate-meta-layouts":"set","ast-page-background-enabled":"default","ast-page-background-meta":{"desktop":{"background-color":"var(--ast-global-color-4)","background-image":"","background-repeat":"repeat","background-position":"center center","background-size":"auto","background-attachment":"scroll","background-type":"","background-media":"","overlay-type":"","overlay-color":"","overlay-opacity":"","overlay-gradient":""},"tablet":{"background-color":"","background-image":"","background-repeat":"repeat","background-position":"center center","background-size":"auto","background-attachment":"scroll","background-type":"","background-media":"","overlay-type":"","overlay-color":"","overlay-opacity":"","overlay-gradient":""},"mobile":{"background-color":"","background-image":"","background-repeat":"repeat","background-position":"center center","background-size":"auto","background-attachment":"scroll","background-type":"","background-media":"","overlay-type":"","overlay-color":"","overlay-opacity":"","overlay-gradient":""}},"ast-content-background-meta":{"desktop":{"background-color":"var(--ast-global-color-5)","background-image":"","background-repeat":"repeat","background-position":"center center","background-size":"auto","background-attachment":"scroll","background-type":"","background-media":"","overlay-type":"","overlay-color":"","overlay-opacity":"","overlay-gradient":""},"tablet":{"background-color":"var(--ast-global-color-5)","background-image":"","background-repeat":"repeat","background-position":"center center","background-size":"auto","background-attachment":"scroll","background-type":"","background-media":"","overlay-type":"","overlay-color":"","overlay-opacity":"","overlay-gradient":""},"mobile":{"background-color":"var(--ast-global-color-5)","background-image":"","background-repeat":"repeat","background-position":"center center","background-size":"auto","background-attachment":"scroll","background-type":"","background-media":"","overlay-type":"","overlay-color":"","overlay-opacity":"","overlay-gradient":""}}},"product_brand":[],"product_cat":[35],"product_tag":[63],"class_list":{"0":"post-3574","1":"product","2":"type-product","3":"status-publish","4":"has-post-thumbnail","6":"product_cat-mikrotik","7":"product_tag-mikrotik","8":"desktop-align-left","9":"tablet-align-left","10":"mobile-align-left","12":"first","13":"instock","14":"shipping-taxable","15":"product-type-simple"},"yoast_head":"<!-- This site is optimized with the Yoast SEO plugin v25.6 - https:\/\/yoast.com\/wordpress\/plugins\/seo\/ -->\n<title>CRS504-4XQ-IN -<\/title>\n<meta name=\"robots\" content=\"index, follow, max-snippet:-1, max-image-preview:large, max-video-preview:-1\" \/>\n<link rel=\"canonical\" href=\"https:\/\/tecplan.com.sv\/en\/product\/crs504-4xq-in\/\" \/>\n<meta property=\"og:locale\" content=\"en_US\" \/>\n<meta property=\"og:type\" content=\"article\" \/>\n<meta property=\"og:title\" content=\"CRS504-4XQ-IN -\" \/>\n<meta property=\"og:description\" content=\"Su puerta de entrada m\u00e1s econ\u00f3mica, compacta y de bajo consumo al mundo de las redes de 100 Gigabit.\u00a0Este conmutador es el siguiente paso en la actualizaci\u00f3n de las redes existentes de 10 o 25 Gigabit.\u00a0M\u00faltiples opciones de alimentaci\u00f3n, fuentes de alimentaci\u00f3n duales intercambiables en caliente.  Ver ficha t\u00e9cnica  &nbsp;  &nbsp;\" \/>\n<meta property=\"og:url\" content=\"https:\/\/tecplan.com.sv\/en\/product\/crs504-4xq-in\/\" \/>\n<meta property=\"article:modified_time\" content=\"2024-01-25T19:29:31+00:00\" \/>\n<meta property=\"og:image\" content=\"https:\/\/tecplan.com.sv\/wp-content\/uploads\/2023\/05\/CRS504-4XQ-IN-01.jpg\" \/>\n\t<meta property=\"og:image:width\" content=\"2000\" \/>\n\t<meta property=\"og:image:height\" content=\"2000\" \/>\n\t<meta property=\"og:image:type\" content=\"image\/jpeg\" \/>\n<meta name=\"twitter:card\" content=\"summary_large_image\" \/>\n<meta name=\"twitter:label1\" content=\"Est. reading time\" \/>\n\t<meta name=\"twitter:data1\" content=\"2 minutes\" \/>\n<script type=\"application\/ld+json\" class=\"yoast-schema-graph\">{\"@context\":\"https:\/\/schema.org\",\"@graph\":[{\"@type\":\"WebPage\",\"@id\":\"https:\/\/tecplan.com.sv\/producto\/crs504-4xq-in\/\",\"url\":\"https:\/\/tecplan.com.sv\/producto\/crs504-4xq-in\/\",\"name\":\"CRS504-4XQ-IN -\",\"isPartOf\":{\"@id\":\"https:\/\/tecplan.com.sv\/#website\"},\"primaryImageOfPage\":{\"@id\":\"https:\/\/tecplan.com.sv\/producto\/crs504-4xq-in\/#primaryimage\"},\"image\":{\"@id\":\"https:\/\/tecplan.com.sv\/producto\/crs504-4xq-in\/#primaryimage\"},\"thumbnailUrl\":\"\/wp-content\/uploads\/2023\/05\/CRS504-4XQ-IN-01.jpg\",\"datePublished\":\"2023-05-17T02:18:45+00:00\",\"dateModified\":\"2024-01-25T19:29:31+00:00\",\"breadcrumb\":{\"@id\":\"https:\/\/tecplan.com.sv\/producto\/crs504-4xq-in\/#breadcrumb\"},\"inLanguage\":\"en-US\",\"potentialAction\":[{\"@type\":\"ReadAction\",\"target\":[\"https:\/\/tecplan.com.sv\/producto\/crs504-4xq-in\/\"]}]},{\"@type\":\"ImageObject\",\"inLanguage\":\"en-US\",\"@id\":\"https:\/\/tecplan.com.sv\/producto\/crs504-4xq-in\/#primaryimage\",\"url\":\"\/wp-content\/uploads\/2023\/05\/CRS504-4XQ-IN-01.jpg\",\"contentUrl\":\"\/wp-content\/uploads\/2023\/05\/CRS504-4XQ-IN-01.jpg\",\"width\":2000,\"height\":2000},{\"@type\":\"BreadcrumbList\",\"@id\":\"https:\/\/tecplan.com.sv\/producto\/crs504-4xq-in\/#breadcrumb\",\"itemListElement\":[{\"@type\":\"ListItem\",\"position\":1,\"name\":\"Portada\",\"item\":\"https:\/\/tecplan.com.sv\/\"},{\"@type\":\"ListItem\",\"position\":2,\"name\":\"Productos\",\"item\":\"https:\/\/tecplan.com.sv\/shop\/\"},{\"@type\":\"ListItem\",\"position\":3,\"name\":\"CRS504-4XQ-IN\"}]},{\"@type\":\"WebSite\",\"@id\":\"https:\/\/tecplan.com.sv\/#website\",\"url\":\"https:\/\/tecplan.com.sv\/\",\"name\":\"Tecplan Argentina\",\"description\":\"Tecnolog\u00edas y equipos de telecomunicaciones\",\"publisher\":{\"@id\":\"https:\/\/tecplan.com.sv\/#organization\"},\"potentialAction\":[{\"@type\":\"SearchAction\",\"target\":{\"@type\":\"EntryPoint\",\"urlTemplate\":\"https:\/\/tecplan.com.sv\/?s={search_term_string}\"},\"query-input\":{\"@type\":\"PropertyValueSpecification\",\"valueRequired\":true,\"valueName\":\"search_term_string\"}}],\"inLanguage\":\"en-US\"},{\"@type\":\"Organization\",\"@id\":\"https:\/\/tecplan.com.sv\/#organization\",\"name\":\"Tecplan Argentina\",\"url\":\"https:\/\/tecplan.com.sv\/\",\"logo\":{\"@type\":\"ImageObject\",\"inLanguage\":\"en-US\",\"@id\":\"https:\/\/tecplan.com.sv\/#\/schema\/logo\/image\/\",\"url\":\"\/wp-content\/uploads\/2023\/03\/logo-tecplan.gif\",\"contentUrl\":\"\/wp-content\/uploads\/2023\/03\/logo-tecplan.gif\",\"width\":1920,\"height\":486,\"caption\":\"Tecplan Argentina\"},\"image\":{\"@id\":\"https:\/\/tecplan.com.sv\/#\/schema\/logo\/image\/\"}}]}<\/script>\n<!-- \/ Yoast SEO plugin. -->","yoast_head_json":{"title":"CRS504-4XQ-IN -","robots":{"index":"index","follow":"follow","max-snippet":"max-snippet:-1","max-image-preview":"max-image-preview:large","max-video-preview":"max-video-preview:-1"},"canonical":"https:\/\/tecplan.com.sv\/en\/product\/crs504-4xq-in\/","og_locale":"en_US","og_type":"article","og_title":"CRS504-4XQ-IN -","og_description":"Su puerta de entrada m\u00e1s econ\u00f3mica, compacta y de bajo consumo al mundo de las redes de 100 Gigabit.\u00a0Este conmutador es el siguiente paso en la actualizaci\u00f3n de las redes existentes de 10 o 25 Gigabit.\u00a0M\u00faltiples opciones de alimentaci\u00f3n, fuentes de alimentaci\u00f3n duales intercambiables en caliente.  Ver ficha t\u00e9cnica  &nbsp;  &nbsp;","og_url":"https:\/\/tecplan.com.sv\/en\/product\/crs504-4xq-in\/","article_modified_time":"2024-01-25T19:29:31+00:00","og_image":[{"width":2000,"height":2000,"url":"https:\/\/tecplan.com.sv\/wp-content\/uploads\/2023\/05\/CRS504-4XQ-IN-01.jpg","type":"image\/jpeg"}],"twitter_card":"summary_large_image","twitter_misc":{"Est. reading time":"2 minutes"},"schema":{"@context":"https:\/\/schema.org","@graph":[{"@type":"WebPage","@id":"https:\/\/tecplan.com.sv\/producto\/crs504-4xq-in\/","url":"https:\/\/tecplan.com.sv\/producto\/crs504-4xq-in\/","name":"CRS504-4XQ-IN -","isPartOf":{"@id":"https:\/\/tecplan.com.sv\/#website"},"primaryImageOfPage":{"@id":"https:\/\/tecplan.com.sv\/producto\/crs504-4xq-in\/#primaryimage"},"image":{"@id":"https:\/\/tecplan.com.sv\/producto\/crs504-4xq-in\/#primaryimage"},"thumbnailUrl":"\/wp-content\/uploads\/2023\/05\/CRS504-4XQ-IN-01.jpg","datePublished":"2023-05-17T02:18:45+00:00","dateModified":"2024-01-25T19:29:31+00:00","breadcrumb":{"@id":"https:\/\/tecplan.com.sv\/producto\/crs504-4xq-in\/#breadcrumb"},"inLanguage":"en-US","potentialAction":[{"@type":"ReadAction","target":["https:\/\/tecplan.com.sv\/producto\/crs504-4xq-in\/"]}]},{"@type":"ImageObject","inLanguage":"en-US","@id":"https:\/\/tecplan.com.sv\/producto\/crs504-4xq-in\/#primaryimage","url":"\/wp-content\/uploads\/2023\/05\/CRS504-4XQ-IN-01.jpg","contentUrl":"\/wp-content\/uploads\/2023\/05\/CRS504-4XQ-IN-01.jpg","width":2000,"height":2000},{"@type":"BreadcrumbList","@id":"https:\/\/tecplan.com.sv\/producto\/crs504-4xq-in\/#breadcrumb","itemListElement":[{"@type":"ListItem","position":1,"name":"Portada","item":"https:\/\/tecplan.com.sv\/"},{"@type":"ListItem","position":2,"name":"Productos","item":"https:\/\/tecplan.com.sv\/shop\/"},{"@type":"ListItem","position":3,"name":"CRS504-4XQ-IN"}]},{"@type":"WebSite","@id":"https:\/\/tecplan.com.sv\/#website","url":"https:\/\/tecplan.com.sv\/","name":"Tecplan Argentina","description":"Tecnolog\u00edas y equipos de telecomunicaciones","publisher":{"@id":"https:\/\/tecplan.com.sv\/#organization"},"potentialAction":[{"@type":"SearchAction","target":{"@type":"EntryPoint","urlTemplate":"https:\/\/tecplan.com.sv\/?s={search_term_string}"},"query-input":{"@type":"PropertyValueSpecification","valueRequired":true,"valueName":"search_term_string"}}],"inLanguage":"en-US"},{"@type":"Organization","@id":"https:\/\/tecplan.com.sv\/#organization","name":"Tecplan Argentina","url":"https:\/\/tecplan.com.sv\/","logo":{"@type":"ImageObject","inLanguage":"en-US","@id":"https:\/\/tecplan.com.sv\/#\/schema\/logo\/image\/","url":"\/wp-content\/uploads\/2023\/03\/logo-tecplan.gif","contentUrl":"\/wp-content\/uploads\/2023\/03\/logo-tecplan.gif","width":1920,"height":486,"caption":"Tecplan Argentina"},"image":{"@id":"https:\/\/tecplan.com.sv\/#\/schema\/logo\/image\/"}}]}},"_links":{"self":[{"href":"https:\/\/tecplan.com.sv\/en\/wp-json\/wp\/v2\/product\/3574"}],"collection":[{"href":"https:\/\/tecplan.com.sv\/en\/wp-json\/wp\/v2\/product"}],"about":[{"href":"https:\/\/tecplan.com.sv\/en\/wp-json\/wp\/v2\/types\/product"}],"replies":[{"embeddable":true,"href":"https:\/\/tecplan.com.sv\/en\/wp-json\/wp\/v2\/comments?post=3574"}],"version-history":[{"count":0,"href":"https:\/\/tecplan.com.sv\/en\/wp-json\/wp\/v2\/product\/3574\/revisions"}],"wp:featuredmedia":[{"embeddable":true,"href":"https:\/\/tecplan.com.sv\/en\/wp-json\/wp\/v2\/media\/6348"}],"wp:attachment":[{"href":"https:\/\/tecplan.com.sv\/en\/wp-json\/wp\/v2\/media?parent=3574"}],"wp:term":[{"taxonomy":"product_brand","embeddable":true,"href":"https:\/\/tecplan.com.sv\/en\/wp-json\/wp\/v2\/product_brand?post=3574"},{"taxonomy":"product_cat","embeddable":true,"href":"https:\/\/tecplan.com.sv\/en\/wp-json\/wp\/v2\/product_cat?post=3574"},{"taxonomy":"product_tag","embeddable":true,"href":"https:\/\/tecplan.com.sv\/en\/wp-json\/wp\/v2\/product_tag?post=3574"}],"curies":[{"name":"wp","href":"https:\/\/api.w.org\/{rel}","templated":true}]}}