{"id":9348,"date":"2025-09-12T10:17:34","date_gmt":"2025-09-12T16:17:34","guid":{"rendered":"https:\/\/tecplan.com.sv\/producto\/telefono-ip-grp2624\/"},"modified":"2025-09-12T10:17:42","modified_gmt":"2025-09-12T16:17:42","slug":"telefono-ip-grp2624","status":"publish","type":"product","link":"https:\/\/tecplan.com.sv\/en\/product\/telefono-ip-grp2624\/","title":{"rendered":"Tel\u00e9fono IP GRP2624"},"content":{"rendered":"<p>characteristics:<\/p>\n<p>         8 lines, 4 SIP accounts.<\/p>\n<p>        Compatible with GDMS, which provides a centralized interface to configure, provision, manage and monitor Grandstream devices.<\/p>\n<p>         Built-in Bluetooth for connecting headphones, syncing contacts, calendars and more.<\/p>\n<p>         Full-duplex speakerphone with HD audio to maximize audio quality and clarity.<\/p>\n<p>        Equipped with noise shielding technology to minimize background noise.<\/p>\n<p>        10\/100\/1000Mbps auto-sensing, dual-switched Gigabit Ethernet ports with integrated PoE.<\/p>\n<p>         Supports 5-way audio conferencing for easy conference calls.<\/p>\n<p>         Enterprise-grade protection including secure boot, dual firmware images, and encryption.<\/p>\n<p>         Interchangeable faceplate to allow easy storage of logo customization data.<\/p>\n<p>DESCARGAS<\/p>\n<p>Ficha t\u00e9cnica en espa\u00f1ol<\/p>","protected":false},"excerpt":{"rendered":"<p>https:\/\/tecplan.com.es\/wp-content\/uploads\/2025\/05\/Grandstream-logo-300&#215;77.png<\/p>\n<p>Como parte de la serie GRP de tel\u00e9fonos IP de nivel de operador, el GRP2624 es un modelo profesional de 8 l\u00edneas dise\u00f1ado con aprovisionamiento sin intervenci\u00f3n para una implementaci\u00f3n masiva y una gesti\u00f3n sencilla. Cuenta con un dise\u00f1o elegante y un conjunto de caracter\u00edsticas de pr\u00f3xima generaci\u00f3n que incluyen: conferencias de voz de 5 v\u00edas para maximizar la productividad, Wi-Fi integrado, compatibilidad con Bluetooth, audio Full HD tanto en el altavoz como en el tel\u00e9fono para brindar la m\u00e1xima claridad, compatibilidad con EHS para Auriculares Plantronics y USB compatibles con los auriculares de la serie GUV de Grandstream.<\/p>","protected":false},"featured_media":9347,"comment_status":"open","ping_status":"closed","template":"","meta":{"site-sidebar-layout":"default","site-content-layout":"","ast-site-content-layout":"","site-content-style":"default","site-sidebar-style":"default","ast-global-header-display":"","ast-banner-title-visibility":"","ast-main-header-display":"","ast-hfb-above-header-display":"","ast-hfb-below-header-display":"","ast-hfb-mobile-header-display":"","site-post-title":"","ast-breadcrumbs-content":"","ast-featured-img":"","footer-sml-layout":"","theme-transparent-header-meta":"","adv-header-id-meta":"","stick-header-meta":"","header-above-stick-meta":"","header-main-stick-meta":"","header-below-stick-meta":"","astra-migrate-meta-layouts":"default","ast-page-background-enabled":"default","ast-page-background-meta":{"desktop":{"background-color":"var(--ast-global-color-4)","background-image":"","background-repeat":"repeat","background-position":"center center","background-size":"auto","background-attachment":"scroll","background-type":"","background-media":"","overlay-type":"","overlay-color":"","overlay-opacity":"","overlay-gradient":""},"tablet":{"background-color":"","background-image":"","background-repeat":"repeat","background-position":"center center","background-size":"auto","background-attachment":"scroll","background-type":"","background-media":"","overlay-type":"","overlay-color":"","overlay-opacity":"","overlay-gradient":""},"mobile":{"background-color":"","background-image":"","background-repeat":"repeat","background-position":"center center","background-size":"auto","background-attachment":"scroll","background-type":"","background-media":"","overlay-type":"","overlay-color":"","overlay-opacity":"","overlay-gradient":""}},"ast-content-background-meta":{"desktop":{"background-color":"var(--ast-global-color-5)","background-image":"","background-repeat":"repeat","background-position":"center center","background-size":"auto","background-attachment":"scroll","background-type":"","background-media":"","overlay-type":"","overlay-color":"","overlay-opacity":"","overlay-gradient":""},"tablet":{"background-color":"var(--ast-global-color-5)","background-image":"","background-repeat":"repeat","background-position":"center center","background-size":"auto","background-attachment":"scroll","background-type":"","background-media":"","overlay-type":"","overlay-color":"","overlay-opacity":"","overlay-gradient":""},"mobile":{"background-color":"var(--ast-global-color-5)","background-image":"","background-repeat":"repeat","background-position":"center center","background-size":"auto","background-attachment":"scroll","background-type":"","background-media":"","overlay-type":"","overlay-color":"","overlay-opacity":"","overlay-gradient":""}}},"product_brand":[],"product_cat":[106,105,107],"product_tag":[],"class_list":{"0":"post-9348","1":"product","2":"type-product","3":"status-publish","4":"has-post-thumbnail","6":"product_cat-grandstream-telefonia","7":"product_cat-telefonia","8":"product_cat-telefonos-ip","9":"desktop-align-left","10":"tablet-align-left","11":"mobile-align-left","13":"first","14":"instock","15":"shipping-taxable","16":"product-type-simple"},"yoast_head":"<!-- This site is optimized with the Yoast SEO plugin v25.6 - https:\/\/yoast.com\/wordpress\/plugins\/seo\/ -->\n<title>Tel\u00e9fono IP GRP2624 -<\/title>\n<meta name=\"robots\" content=\"index, follow, max-snippet:-1, max-image-preview:large, max-video-preview:-1\" \/>\n<link rel=\"canonical\" href=\"https:\/\/tecplan.com.sv\/en\/product\/telefono-ip-grp2624\/\" \/>\n<meta property=\"og:locale\" content=\"en_US\" \/>\n<meta property=\"og:type\" content=\"article\" \/>\n<meta property=\"og:title\" content=\"Tel\u00e9fono IP GRP2624 -\" \/>\n<meta property=\"og:description\" content=\"https:\/\/tecplan.com.es\/wp-content\/uploads\/2025\/05\/Grandstream-logo-300x77.png Como parte de la serie GRP de tel\u00e9fonos IP de nivel de operador, el GRP2624 es un modelo profesional de 8 l\u00edneas dise\u00f1ado con aprovisionamiento sin intervenci\u00f3n para una implementaci\u00f3n masiva y una gesti\u00f3n sencilla. Cuenta con un dise\u00f1o elegante y un conjunto de caracter\u00edsticas de pr\u00f3xima generaci\u00f3n que incluyen: conferencias de voz de 5 v\u00edas para maximizar la productividad, Wi-Fi integrado, compatibilidad con Bluetooth, audio Full HD tanto en el altavoz como en el tel\u00e9fono para brindar la m\u00e1xima claridad, compatibilidad con EHS para Auriculares Plantronics y USB compatibles con los auriculares de la serie GUV de Grandstream.\" \/>\n<meta property=\"og:url\" content=\"https:\/\/tecplan.com.sv\/en\/product\/telefono-ip-grp2624\/\" \/>\n<meta property=\"article:modified_time\" content=\"2025-09-12T16:17:42+00:00\" \/>\n<meta name=\"twitter:card\" content=\"summary_large_image\" \/>\n<meta name=\"twitter:label1\" content=\"Est. reading time\" \/>\n\t<meta name=\"twitter:data1\" content=\"1 minute\" \/>\n<script type=\"application\/ld+json\" class=\"yoast-schema-graph\">{\"@context\":\"https:\/\/schema.org\",\"@graph\":[{\"@type\":\"WebPage\",\"@id\":\"https:\/\/tecplan.com.sv\/producto\/telefono-ip-grp2624\/\",\"url\":\"https:\/\/tecplan.com.sv\/producto\/telefono-ip-grp2624\/\",\"name\":\"Tel\u00e9fono IP GRP2624 -\",\"isPartOf\":{\"@id\":\"https:\/\/tecplan.com.sv\/#website\"},\"primaryImageOfPage\":{\"@id\":\"https:\/\/tecplan.com.sv\/producto\/telefono-ip-grp2624\/#primaryimage\"},\"image\":{\"@id\":\"https:\/\/tecplan.com.sv\/producto\/telefono-ip-grp2624\/#primaryimage\"},\"thumbnailUrl\":\"\/wp-content\/uploads\/2025\/09\/GRP2624_frontv2_web.webp\",\"datePublished\":\"2025-09-12T16:17:34+00:00\",\"dateModified\":\"2025-09-12T16:17:42+00:00\",\"breadcrumb\":{\"@id\":\"https:\/\/tecplan.com.sv\/producto\/telefono-ip-grp2624\/#breadcrumb\"},\"inLanguage\":\"en-US\",\"potentialAction\":[{\"@type\":\"ReadAction\",\"target\":[\"https:\/\/tecplan.com.sv\/producto\/telefono-ip-grp2624\/\"]}]},{\"@type\":\"ImageObject\",\"inLanguage\":\"en-US\",\"@id\":\"https:\/\/tecplan.com.sv\/producto\/telefono-ip-grp2624\/#primaryimage\",\"url\":\"\/wp-content\/uploads\/2025\/09\/GRP2624_frontv2_web.webp\",\"contentUrl\":\"\/wp-content\/uploads\/2025\/09\/GRP2624_frontv2_web.webp\",\"width\":500,\"height\":500},{\"@type\":\"BreadcrumbList\",\"@id\":\"https:\/\/tecplan.com.sv\/producto\/telefono-ip-grp2624\/#breadcrumb\",\"itemListElement\":[{\"@type\":\"ListItem\",\"position\":1,\"name\":\"Portada\",\"item\":\"https:\/\/tecplan.com.sv\/\"},{\"@type\":\"ListItem\",\"position\":2,\"name\":\"Productos\",\"item\":\"https:\/\/tecplan.com.sv\/shop\/\"},{\"@type\":\"ListItem\",\"position\":3,\"name\":\"Tel\u00e9fono IP GRP2624\"}]},{\"@type\":\"WebSite\",\"@id\":\"https:\/\/tecplan.com.sv\/#website\",\"url\":\"https:\/\/tecplan.com.sv\/\",\"name\":\"Tecplan Argentina\",\"description\":\"Tecnolog\u00edas y equipos de telecomunicaciones\",\"publisher\":{\"@id\":\"https:\/\/tecplan.com.sv\/#organization\"},\"potentialAction\":[{\"@type\":\"SearchAction\",\"target\":{\"@type\":\"EntryPoint\",\"urlTemplate\":\"https:\/\/tecplan.com.sv\/?s={search_term_string}\"},\"query-input\":{\"@type\":\"PropertyValueSpecification\",\"valueRequired\":true,\"valueName\":\"search_term_string\"}}],\"inLanguage\":\"en-US\"},{\"@type\":\"Organization\",\"@id\":\"https:\/\/tecplan.com.sv\/#organization\",\"name\":\"Tecplan Argentina\",\"url\":\"https:\/\/tecplan.com.sv\/\",\"logo\":{\"@type\":\"ImageObject\",\"inLanguage\":\"en-US\",\"@id\":\"https:\/\/tecplan.com.sv\/#\/schema\/logo\/image\/\",\"url\":\"\/wp-content\/uploads\/2023\/03\/logo-tecplan.gif\",\"contentUrl\":\"\/wp-content\/uploads\/2023\/03\/logo-tecplan.gif\",\"width\":1920,\"height\":486,\"caption\":\"Tecplan Argentina\"},\"image\":{\"@id\":\"https:\/\/tecplan.com.sv\/#\/schema\/logo\/image\/\"}}]}<\/script>\n<!-- \/ Yoast SEO plugin. -->","yoast_head_json":{"title":"Tel\u00e9fono IP GRP2624 -","robots":{"index":"index","follow":"follow","max-snippet":"max-snippet:-1","max-image-preview":"max-image-preview:large","max-video-preview":"max-video-preview:-1"},"canonical":"https:\/\/tecplan.com.sv\/en\/product\/telefono-ip-grp2624\/","og_locale":"en_US","og_type":"article","og_title":"Tel\u00e9fono IP GRP2624 -","og_description":"https:\/\/tecplan.com.es\/wp-content\/uploads\/2025\/05\/Grandstream-logo-300x77.png Como parte de la serie GRP de tel\u00e9fonos IP de nivel de operador, el GRP2624 es un modelo profesional de 8 l\u00edneas dise\u00f1ado con aprovisionamiento sin intervenci\u00f3n para una implementaci\u00f3n masiva y una gesti\u00f3n sencilla. Cuenta con un dise\u00f1o elegante y un conjunto de caracter\u00edsticas de pr\u00f3xima generaci\u00f3n que incluyen: conferencias de voz de 5 v\u00edas para maximizar la productividad, Wi-Fi integrado, compatibilidad con Bluetooth, audio Full HD tanto en el altavoz como en el tel\u00e9fono para brindar la m\u00e1xima claridad, compatibilidad con EHS para Auriculares Plantronics y USB compatibles con los auriculares de la serie GUV de Grandstream.","og_url":"https:\/\/tecplan.com.sv\/en\/product\/telefono-ip-grp2624\/","article_modified_time":"2025-09-12T16:17:42+00:00","twitter_card":"summary_large_image","twitter_misc":{"Est. reading time":"1 minute"},"schema":{"@context":"https:\/\/schema.org","@graph":[{"@type":"WebPage","@id":"https:\/\/tecplan.com.sv\/producto\/telefono-ip-grp2624\/","url":"https:\/\/tecplan.com.sv\/producto\/telefono-ip-grp2624\/","name":"Tel\u00e9fono IP GRP2624 -","isPartOf":{"@id":"https:\/\/tecplan.com.sv\/#website"},"primaryImageOfPage":{"@id":"https:\/\/tecplan.com.sv\/producto\/telefono-ip-grp2624\/#primaryimage"},"image":{"@id":"https:\/\/tecplan.com.sv\/producto\/telefono-ip-grp2624\/#primaryimage"},"thumbnailUrl":"\/wp-content\/uploads\/2025\/09\/GRP2624_frontv2_web.webp","datePublished":"2025-09-12T16:17:34+00:00","dateModified":"2025-09-12T16:17:42+00:00","breadcrumb":{"@id":"https:\/\/tecplan.com.sv\/producto\/telefono-ip-grp2624\/#breadcrumb"},"inLanguage":"en-US","potentialAction":[{"@type":"ReadAction","target":["https:\/\/tecplan.com.sv\/producto\/telefono-ip-grp2624\/"]}]},{"@type":"ImageObject","inLanguage":"en-US","@id":"https:\/\/tecplan.com.sv\/producto\/telefono-ip-grp2624\/#primaryimage","url":"\/wp-content\/uploads\/2025\/09\/GRP2624_frontv2_web.webp","contentUrl":"\/wp-content\/uploads\/2025\/09\/GRP2624_frontv2_web.webp","width":500,"height":500},{"@type":"BreadcrumbList","@id":"https:\/\/tecplan.com.sv\/producto\/telefono-ip-grp2624\/#breadcrumb","itemListElement":[{"@type":"ListItem","position":1,"name":"Portada","item":"https:\/\/tecplan.com.sv\/"},{"@type":"ListItem","position":2,"name":"Productos","item":"https:\/\/tecplan.com.sv\/shop\/"},{"@type":"ListItem","position":3,"name":"Tel\u00e9fono IP GRP2624"}]},{"@type":"WebSite","@id":"https:\/\/tecplan.com.sv\/#website","url":"https:\/\/tecplan.com.sv\/","name":"Tecplan Argentina","description":"Tecnolog\u00edas y equipos de telecomunicaciones","publisher":{"@id":"https:\/\/tecplan.com.sv\/#organization"},"potentialAction":[{"@type":"SearchAction","target":{"@type":"EntryPoint","urlTemplate":"https:\/\/tecplan.com.sv\/?s={search_term_string}"},"query-input":{"@type":"PropertyValueSpecification","valueRequired":true,"valueName":"search_term_string"}}],"inLanguage":"en-US"},{"@type":"Organization","@id":"https:\/\/tecplan.com.sv\/#organization","name":"Tecplan Argentina","url":"https:\/\/tecplan.com.sv\/","logo":{"@type":"ImageObject","inLanguage":"en-US","@id":"https:\/\/tecplan.com.sv\/#\/schema\/logo\/image\/","url":"\/wp-content\/uploads\/2023\/03\/logo-tecplan.gif","contentUrl":"\/wp-content\/uploads\/2023\/03\/logo-tecplan.gif","width":1920,"height":486,"caption":"Tecplan Argentina"},"image":{"@id":"https:\/\/tecplan.com.sv\/#\/schema\/logo\/image\/"}}]}},"_links":{"self":[{"href":"https:\/\/tecplan.com.sv\/en\/wp-json\/wp\/v2\/product\/9348"}],"collection":[{"href":"https:\/\/tecplan.com.sv\/en\/wp-json\/wp\/v2\/product"}],"about":[{"href":"https:\/\/tecplan.com.sv\/en\/wp-json\/wp\/v2\/types\/product"}],"replies":[{"embeddable":true,"href":"https:\/\/tecplan.com.sv\/en\/wp-json\/wp\/v2\/comments?post=9348"}],"version-history":[{"count":0,"href":"https:\/\/tecplan.com.sv\/en\/wp-json\/wp\/v2\/product\/9348\/revisions"}],"wp:featuredmedia":[{"embeddable":true,"href":"https:\/\/tecplan.com.sv\/en\/wp-json\/wp\/v2\/media\/9347"}],"wp:attachment":[{"href":"https:\/\/tecplan.com.sv\/en\/wp-json\/wp\/v2\/media?parent=9348"}],"wp:term":[{"taxonomy":"product_brand","embeddable":true,"href":"https:\/\/tecplan.com.sv\/en\/wp-json\/wp\/v2\/product_brand?post=9348"},{"taxonomy":"product_cat","embeddable":true,"href":"https:\/\/tecplan.com.sv\/en\/wp-json\/wp\/v2\/product_cat?post=9348"},{"taxonomy":"product_tag","embeddable":true,"href":"https:\/\/tecplan.com.sv\/en\/wp-json\/wp\/v2\/product_tag?post=9348"}],"curies":[{"name":"wp","href":"https:\/\/api.w.org\/{rel}","templated":true}]}}